{"id":17,"date":"2020-06-05T09:13:05","date_gmt":"2020-06-05T09:13:05","guid":{"rendered":"https:\/\/demo.casethemes.net\/bixol\/?page_id=17"},"modified":"2024-01-15T09:35:06","modified_gmt":"2024-01-15T09:35:06","slug":"services","status":"publish","type":"page","link":"https:\/\/service.axis-one.be\/en\/services\/","title":{"rendered":"Services"},"content":{"rendered":"<div data-elementor-type=\"wp-page\" data-elementor-id=\"17\" class=\"elementor elementor-17\" data-elementor-settings=\"[]\">\n\t\t\t\t\t\t\t<div class=\"elementor-section-wrap\">\n\t\t\t\t\t        <section class=\"elementor-section elementor-top-section elementor-element elementor-element-074b099 elementor-section-boxed elementor-section-height-default elementor-section-height-default\" data-id=\"074b099\" data-element_type=\"section\">\n            \n                        <div class=\"elementor-container elementor-column-gap-extended\">\n                    <div class=\"elementor-column elementor-col-100 elementor-top-column elementor-element elementor-element-9a280d4\" data-id=\"9a280d4\" data-element_type=\"column\">\n            <div class=\"elementor-widget-wrap elementor-element-populated\">\n                                <section class=\"elementor-section elementor-inner-section elementor-element elementor-element-486aeb7 elementor-section-content-middle elementor-section-boxed elementor-section-height-default elementor-section-height-default\" data-id=\"486aeb7\" data-element_type=\"section\">\n            \n                        <div class=\"elementor-container elementor-column-gap-extended\">\n                    <div class=\"elementor-column elementor-col-50 elementor-inner-column elementor-element elementor-element-49d7e9d\" data-id=\"49d7e9d\" data-element_type=\"column\">\n            <div class=\"elementor-widget-wrap elementor-element-populated\">\n                        \t\t<div class=\"elementor-element elementor-element-f5c4255 elementor-widget elementor-widget-ct_heading\" data-id=\"f5c4255\" data-element_type=\"widget\" data-widget_type=\"ct_heading.default\">\n\t\t\t\t<div class=\"elementor-widget-container\">\n\t\t\t<div class=\"ct-heading h-align-  ct-heading-left item-st-default\" data-wow-delay=\"ms\">\r\n\t    <h3 class=\"item--title st-default\">\r\n        <span>\r\n            D\u00e9couvrez nos differents <small>services !<\/small>        <\/span>\r\n    <\/h3>\r\n<\/div>\t\t<\/div>\n\t\t\t\t<\/div>\n\t\t            <\/div>\n        <\/div>\n                <div class=\"elementor-column elementor-col-50 elementor-inner-column elementor-element elementor-element-d1d0a67\" data-id=\"d1d0a67\" data-element_type=\"column\">\n            <div class=\"elementor-widget-wrap elementor-element-populated\">\n                        \t\t<div class=\"elementor-element elementor-element-c10a958 elementor-widget elementor-widget-ct_text_editor\" data-id=\"c10a958\" data-element_type=\"widget\" data-widget_type=\"ct_text_editor.default\">\n\t\t\t\t<div class=\"elementor-widget-container\">\n\t\t\t<div id=\"ct_text_editor-c10a958\" class=\"ct-text-editor\" data-wow-delay=\"ms\">\n\t<div class=\"ct-inline-css\"  data-css=\"        \t\t\">\n\n    <\/div>\n\t<div class=\"ct-text-editor elementor-clearfix\">\n\t\t<p>Trouvez la solution qui convient le mieux \u00e0 vos besoins en d\u00e9couvrant la simplicit\u00e9 de faire appel \u00e0 nos \u00e9quipes.<\/p>\t\t\n\t<\/div>\n<\/div>\t\t<\/div>\n\t\t\t\t<\/div>\n\t\t            <\/div>\n        <\/div>\n                            <\/div>\n        <\/section>\n        \t\t<div class=\"elementor-element elementor-element-6030509f elementor-widget elementor-widget-ct_service_carousel\" data-id=\"6030509f\" data-element_type=\"widget\" data-widget_type=\"ct_service_carousel.default\">\n\t\t\t\t<div class=\"elementor-widget-container\">\n\t\t\t\r\n<div id=\"ct_service_carousel-6030509f\" class=\"ct-service-carousel4 style1 ct-slick-slider\">\r\n    <div class=\"ct-carousel-inner\">\r\n        <div class=\"ct-slick-carousel ct-slick-arrow-center ct-slick-arrow-lg\" data-arrows=\"true\" data-dots=\"false\" data-pauseonhover=\"false\" data-autoplay=\"false\" data-autoplayspeed=\"5000\" data-infinite=\"true\" data-speed=\"500\" data-colxs=\"1\" data-colsm=\"2\" data-colmd=\"2\" data-collg=\"3\" data-colxl=\"3\" data-dir=\"false\" data-slidestoscroll=\"1\">\r\n                    <div class=\"carousel-item slick-slide\">\r\n                <div class=\"grid-item-inner\">\r\n                                            <div class=\"item--image\">\r\n                            <img decoding=\"async\" class=\"\" src=\"https:\/\/service.axis-one.be\/wp-content\/uploads\/2021\/06\/man-working-radio-station-min-scaled-375x172.jpg\" width=\"375\" height=\"172\" alt=\"man-working-radio-station-min\" title=\"man-working-radio-station-min\" \/>                        <\/div>       \r\n                       \r\n\r\n                    <div class=\"item--holder\">\r\n                                                                            <div class=\"item--icon\">\r\n                                <img decoding=\"async\" width=\"64\" height=\"64\" src=\"https:\/\/service.axis-one.be\/wp-content\/uploads\/2020\/09\/radio-station.png\" class=\"attachment-full\" alt=\"\" \/>                            <\/div>\r\n                                                <div class=\"item--meta\">\r\n                                                            <h3 class=\"item--title\"><a href=\"https:\/\/service.axis-one.be\/en\/service\/tv-radio-studio\/\">TV \/ Radio &#038; Studio<\/a><\/h3>\r\n                                                                                        <div class=\"item--content\">\r\n                                    Notre force est de vous accompagner d\u00e8s l\u2019origine du projet jusqu\u2019\u00e0 sa mise en exploitation. La&hellip;                                <\/div>\r\n                                                                                        <div class=\"item-readmore\">\r\n                                    <a href=\"https:\/\/service.axis-one.be\/en\/service\/tv-radio-studio\/\">\r\n                                        <i class=\"fac fa-angle-right\"><\/i>\r\n                                        <span>\r\n                                            Read more                                        <\/span>\r\n                                    <\/a>\r\n                                <\/div>\r\n                                                    <\/div>\r\n                    <\/div>\r\n                <\/div>\r\n            <\/div>\r\n                    <div class=\"carousel-item slick-slide\">\r\n                <div class=\"grid-item-inner\">\r\n                                            <div class=\"item--image\">\r\n                            <img decoding=\"async\" class=\"\" src=\"https:\/\/service.axis-one.be\/wp-content\/uploads\/2020\/10\/Regie-Mobile-1.png\" width=\"375\" height=\"172\" alt=\"Regie-Mobile-1\" title=\"Regie-Mobile-1\" \/>                        <\/div>       \r\n                       \r\n\r\n                    <div class=\"item--holder\">\r\n                                                                            <div class=\"item--icon\">\r\n                                <img decoding=\"async\" width=\"64\" height=\"64\" src=\"https:\/\/service.axis-one.be\/wp-content\/uploads\/2020\/10\/car.png\" class=\"attachment-full\" alt=\"\" \/>                            <\/div>\r\n                                                <div class=\"item--meta\">\r\n                                                            <h3 class=\"item--title\"><a href=\"https:\/\/service.axis-one.be\/en\/service\/regie-mobile\/\">R\u00e9gie Mobile<\/a><\/h3>\r\n                                                                                        <div class=\"item--content\">\r\n                                    Nos v\u00e9hicules (cars de reportage, v\u00e9hicules DSNG, etc.) sont con\u00e7us pour inclure des \u00e9quipements technologiques de&hellip;                                <\/div>\r\n                                                                                        <div class=\"item-readmore\">\r\n                                    <a href=\"https:\/\/service.axis-one.be\/en\/service\/regie-mobile\/\">\r\n                                        <i class=\"fac fa-angle-right\"><\/i>\r\n                                        <span>\r\n                                            Read more                                        <\/span>\r\n                                    <\/a>\r\n                                <\/div>\r\n                                                    <\/div>\r\n                    <\/div>\r\n                <\/div>\r\n            <\/div>\r\n                    <div class=\"carousel-item slick-slide\">\r\n                <div class=\"grid-item-inner\">\r\n                                            <div class=\"item--image\">\r\n                            <img decoding=\"async\" class=\"\" src=\"https:\/\/service.axis-one.be\/wp-content\/uploads\/2020\/10\/speaker-giving-talk-corporate-business-conference-hall-seminar-room-background-scaled-375x172.jpg\" width=\"375\" height=\"172\" alt=\"Speaker giving a talk on corporate Business Conference hall or seminar room background.\" title=\"Speaker giving a talk on corporate Business Conference hall or s\" \/>                        <\/div>       \r\n                       \r\n\r\n                    <div class=\"item--holder\">\r\n                                                                            <div class=\"item--icon\">\r\n                                <img decoding=\"async\" width=\"64\" height=\"64\" src=\"https:\/\/service.axis-one.be\/wp-content\/uploads\/2020\/10\/3966812.png\" class=\"attachment-full\" alt=\"\" \/>                            <\/div>\r\n                                                <div class=\"item--meta\">\r\n                                                            <h3 class=\"item--title\"><a href=\"https:\/\/service.axis-one.be\/en\/service\/live-streaming\/\">Live Streaming<\/a><\/h3>\r\n                                                                                        <div class=\"item--content\">\r\n                                    Que vous souhaitiez \u00e9quiper une petite salle de 5 \u00e0 6 personnes ou une grande salle&hellip;                                <\/div>\r\n                                                                                        <div class=\"item-readmore\">\r\n                                    <a href=\"https:\/\/service.axis-one.be\/en\/service\/live-streaming\/\">\r\n                                        <i class=\"fac fa-angle-right\"><\/i>\r\n                                        <span>\r\n                                            Read more                                        <\/span>\r\n                                    <\/a>\r\n                                <\/div>\r\n                                                    <\/div>\r\n                    <\/div>\r\n                <\/div>\r\n            <\/div>\r\n                <\/div>\r\n    <\/div>\r\n<\/div>\r\n\t\t<\/div>\n\t\t\t\t<\/div>\n\t\t\t\t<div class=\"elementor-element elementor-element-19d647f0 elementor-widget elementor-widget-ct_service_carousel\" data-id=\"19d647f0\" data-element_type=\"widget\" data-widget_type=\"ct_service_carousel.default\">\n\t\t\t\t<div class=\"elementor-widget-container\">\n\t\t\t\r\n<div id=\"ct_service_carousel-19d647f0\" class=\"ct-service-carousel4 style1 ct-slick-slider\">\r\n    <div class=\"ct-carousel-inner\">\r\n        <div class=\"ct-slick-carousel ct-slick-arrow-center ct-slick-arrow-lg\" data-arrows=\"true\" data-dots=\"false\" data-pauseonhover=\"false\" data-autoplay=\"false\" data-autoplayspeed=\"5000\" data-infinite=\"true\" data-speed=\"500\" data-colxs=\"1\" data-colsm=\"2\" data-colmd=\"2\" data-collg=\"3\" data-colxl=\"3\" data-dir=\"false\" data-slidestoscroll=\"1\">\r\n                    <div class=\"carousel-item slick-slide\">\r\n                <div class=\"grid-item-inner\">\r\n                                            <div class=\"item--image\">\r\n                            <img decoding=\"async\" class=\"\" src=\"https:\/\/service.axis-one.be\/wp-content\/uploads\/2021\/06\/scenes-filming-films-video-products-film-crew-film-crew-set-pavilion-film-studio-2-min-scaled-375x172.jpg\" width=\"375\" height=\"172\" alt=\"scenes-filming-films-video-products-film-crew-film-crew-set-pavilion-film-studio (2)-min\" title=\"scenes-filming-films-video-products-film-crew-film-crew-set-pavilion-film-studio (2)-min\" \/>                        <\/div>       \r\n                       \r\n\r\n                    <div class=\"item--holder\">\r\n                                                                            <div class=\"item--icon\">\r\n                                <img decoding=\"async\" width=\"64\" height=\"64\" src=\"https:\/\/service.axis-one.be\/wp-content\/uploads\/2021\/06\/spotlight.png\" class=\"attachment-full\" alt=\"\" \/>                            <\/div>\r\n                                                <div class=\"item--meta\">\r\n                                                            <h3 class=\"item--title\"><a href=\"https:\/\/service.axis-one.be\/en\/service\/eclairage\/\">Lighting<\/a><\/h3>\r\n                                                                                        <div class=\"item--content\">\r\n                                    Vous cherchez \u00e0 am\u00e9liorer l\u2019\u00e9clairage de vos studios d\u2019enregistrement ou de vos chaines de t\u00e9l\u00e9vision pour&hellip;                                <\/div>\r\n                                                                                        <div class=\"item-readmore\">\r\n                                    <a href=\"https:\/\/service.axis-one.be\/en\/service\/eclairage\/\">\r\n                                        <i class=\"fac fa-angle-right\"><\/i>\r\n                                        <span>\r\n                                            Read more                                        <\/span>\r\n                                    <\/a>\r\n                                <\/div>\r\n                                                    <\/div>\r\n                    <\/div>\r\n                <\/div>\r\n            <\/div>\r\n                    <div class=\"carousel-item slick-slide\">\r\n                <div class=\"grid-item-inner\">\r\n                                            <div class=\"item--image\">\r\n                            <img decoding=\"async\" class=\"\" src=\"https:\/\/service.axis-one.be\/wp-content\/uploads\/2020\/10\/Consultance-Media.png\" width=\"375\" height=\"172\" alt=\"Consultance-Media\" title=\"Consultance-Media\" \/>                        <\/div>       \r\n                       \r\n\r\n                    <div class=\"item--holder\">\r\n                                                                            <div class=\"item--icon\">\r\n                                <img decoding=\"async\" width=\"64\" height=\"64\" src=\"https:\/\/service.axis-one.be\/wp-content\/uploads\/2020\/10\/studio-2.png\" class=\"attachment-full\" alt=\"\" \/>                            <\/div>\r\n                                                <div class=\"item--meta\">\r\n                                                            <h3 class=\"item--title\"><a href=\"https:\/\/service.axis-one.be\/en\/service\/consultance\/\">Consultance<\/a><\/h3>\r\n                                                                                        <div class=\"item--content\">\r\n                                    Notre service de consultance en audiovisuel vise \u00e0 simplifier le processus pour r\u00e9pondre \u00e0 vos besoins&hellip;                                <\/div>\r\n                                                                                        <div class=\"item-readmore\">\r\n                                    <a href=\"https:\/\/service.axis-one.be\/en\/service\/consultance\/\">\r\n                                        <i class=\"fac fa-angle-right\"><\/i>\r\n                                        <span>\r\n                                            Read more                                        <\/span>\r\n                                    <\/a>\r\n                                <\/div>\r\n                                                    <\/div>\r\n                    <\/div>\r\n                <\/div>\r\n            <\/div>\r\n                    <div class=\"carousel-item slick-slide\">\r\n                <div class=\"grid-item-inner\">\r\n                                            <div class=\"item--image\">\r\n                            <img decoding=\"async\" class=\"\" src=\"https:\/\/service.axis-one.be\/wp-content\/uploads\/2023\/11\/Axis-One-Reparation-Support-2-375x172.jpg\" width=\"375\" height=\"172\" alt=\"Axis-One R\u00e9paration &amp; Support (2)\" title=\"Axis-One R\u00e9paration &amp; Support (2)\" \/>                        <\/div>       \r\n                       \r\n\r\n                    <div class=\"item--holder\">\r\n                                                                            <div class=\"item--icon\">\r\n                                <img decoding=\"async\" width=\"64\" height=\"64\" src=\"https:\/\/service.axis-one.be\/wp-content\/uploads\/2020\/10\/television.png\" class=\"attachment-full\" alt=\"\" \/>                            <\/div>\r\n                                                <div class=\"item--meta\">\r\n                                                            <h3 class=\"item--title\"><a href=\"https:\/\/service.axis-one.be\/en\/service\/apres-vente-et-reparations\/\">Apr\u00e8s-vente et r\u00e9parations<\/a><\/h3>\r\n                                                                                        <div class=\"item--content\">\r\n                                    Nous sommes l\u00e0 pour vous lorsque vous avez besoin de nous, que ce soit pour la&hellip;                                <\/div>\r\n                                                                                        <div class=\"item-readmore\">\r\n                                    <a href=\"https:\/\/service.axis-one.be\/en\/service\/apres-vente-et-reparations\/\">\r\n                                        <i class=\"fac fa-angle-right\"><\/i>\r\n                                        <span>\r\n                                            Read more                                        <\/span>\r\n                                    <\/a>\r\n                                <\/div>\r\n                                                    <\/div>\r\n                    <\/div>\r\n                <\/div>\r\n            <\/div>\r\n                <\/div>\r\n    <\/div>\r\n<\/div>\r\n\t\t<\/div>\n\t\t\t\t<\/div>\n\t\t            <\/div>\n        <\/div>\n                            <\/div>\n        <\/section>\n        \t\t\t\t<\/div>\n\t\t\t\t\t<\/div>","protected":false},"excerpt":{"rendered":"<p>D\u00e9couvrez nos differents services ! Trouvez la solution qui convient le mieux \u00e0 vos besoins en d\u00e9couvrant la simplicit\u00e9 de faire appel \u00e0 nos \u00e9quipes. TV \/ Radio &#038; Studio Notre force est de vous accompagner d\u00e8s l\u2019origine du projet jusqu\u2019\u00e0 sa mise en exploitation. La\u2026 En savoir plus R\u00e9gie Mobile Nos v\u00e9hicules (cars de [&hellip;]<\/p>","protected":false},"author":1,"featured_media":0,"parent":0,"menu_order":0,"comment_status":"closed","ping_status":"closed","template":"","meta":{"footnotes":""},"class_list":["post-17","page","type-page","status-publish","hentry"],"_links":{"self":[{"href":"https:\/\/service.axis-one.be\/en\/wp-json\/wp\/v2\/pages\/17","targetHints":{"allow":["GET"]}}],"collection":[{"href":"https:\/\/service.axis-one.be\/en\/wp-json\/wp\/v2\/pages"}],"about":[{"href":"https:\/\/service.axis-one.be\/en\/wp-json\/wp\/v2\/types\/page"}],"author":[{"embeddable":true,"href":"https:\/\/service.axis-one.be\/en\/wp-json\/wp\/v2\/users\/1"}],"replies":[{"embeddable":true,"href":"https:\/\/service.axis-one.be\/en\/wp-json\/wp\/v2\/comments?post=17"}],"version-history":[{"count":18,"href":"https:\/\/service.axis-one.be\/en\/wp-json\/wp\/v2\/pages\/17\/revisions"}],"predecessor-version":[{"id":6986,"href":"https:\/\/service.axis-one.be\/en\/wp-json\/wp\/v2\/pages\/17\/revisions\/6986"}],"wp:attachment":[{"href":"https:\/\/service.axis-one.be\/en\/wp-json\/wp\/v2\/media?parent=17"}],"curies":[{"name":"wp","href":"https:\/\/api.w.org\/{rel}","templated":true}]}}