{"id":192,"date":"2020-09-01T10:21:49","date_gmt":"2020-09-01T10:21:49","guid":{"rendered":"https:\/\/demo.casethemes.net\/bixol\/?page_id=192"},"modified":"2024-01-15T09:41:47","modified_gmt":"2024-01-15T09:41:47","slug":"realisations","status":"publish","type":"page","link":"https:\/\/service.axis-one.be\/nl\/realisations\/","title":{"rendered":"R\u00e9alisations"},"content":{"rendered":"<div data-elementor-type=\"wp-page\" data-elementor-id=\"192\" class=\"elementor elementor-192\" data-elementor-settings=\"[]\">\n\t\t\t\t\t\t\t<div class=\"elementor-section-wrap\">\n\t\t\t\t\t        <section class=\"elementor-section elementor-top-section elementor-element elementor-element-3f319176 elementor-section-stretched elementor-section-boxed elementor-section-height-default elementor-section-height-default\" data-id=\"3f319176\" data-element_type=\"section\" data-settings=\"{&quot;stretch_section&quot;:&quot;section-stretched&quot;,&quot;background_background&quot;:&quot;classic&quot;}\">\n            \n                        <div class=\"elementor-container elementor-column-gap-extended\">\n                    <div class=\"elementor-column elementor-col-100 elementor-top-column elementor-element elementor-element-1ac64059\" data-id=\"1ac64059\" data-element_type=\"column\">\n            <div class=\"elementor-widget-wrap elementor-element-populated\">\n                                <section class=\"elementor-section elementor-inner-section elementor-element elementor-element-4a8550ed elementor-section-content-middle elementor-section-boxed elementor-section-height-default elementor-section-height-default\" data-id=\"4a8550ed\" data-element_type=\"section\">\n            \n                        <div class=\"elementor-container elementor-column-gap-extended\">\n                    <div class=\"elementor-column elementor-col-50 elementor-inner-column elementor-element elementor-element-71c22709\" data-id=\"71c22709\" data-element_type=\"column\">\n            <div class=\"elementor-widget-wrap elementor-element-populated\">\n                        \t\t<div class=\"elementor-element elementor-element-558809e5 elementor-widget elementor-widget-ct_heading\" data-id=\"558809e5\" data-element_type=\"widget\" data-widget_type=\"ct_heading.default\">\n\t\t\t\t<div class=\"elementor-widget-container\">\n\t\t\t<div class=\"ct-heading h-align-  ct-heading-left item-st-default\" data-wow-delay=\"ms\">\r\n\t    <h3 class=\"item--title st-default\">\r\n        <span>\r\n            D\u00e9couvrez nos derni\u00e8res <small>r\u00e9alisations.<\/small>        <\/span>\r\n    <\/h3>\r\n<\/div>\t\t<\/div>\n\t\t\t\t<\/div>\n\t\t            <\/div>\n        <\/div>\n                <div class=\"elementor-column elementor-col-50 elementor-inner-column elementor-element elementor-element-49655c2c\" data-id=\"49655c2c\" data-element_type=\"column\">\n            <div class=\"elementor-widget-wrap elementor-element-populated\">\n                        \t\t<div class=\"elementor-element elementor-element-47b46a8c elementor-widget elementor-widget-ct_text_editor\" data-id=\"47b46a8c\" data-element_type=\"widget\" data-widget_type=\"ct_text_editor.default\">\n\t\t\t\t<div class=\"elementor-widget-container\">\n\t\t\t<div id=\"ct_text_editor-47b46a8c\" class=\"ct-text-editor\" data-wow-delay=\"ms\">\n\t<div class=\"ct-inline-css\"  data-css=\"        \t\t\">\n\n    <\/div>\n\t<div class=\"ct-text-editor elementor-clearfix\">\n\t\t<p>Suivez nos derni\u00e8res r\u00e9alisations et r\u00e9flexions dans le domaine de l&#8217;int\u00e9gration.<\/p>\t\t\n\t<\/div>\n<\/div>\t\t<\/div>\n\t\t\t\t<\/div>\n\t\t            <\/div>\n        <\/div>\n                            <\/div>\n        <\/section>\n        \t\t<div class=\"elementor-element elementor-element-7e635d62 elementor-widget elementor-widget-ct_blog_carousel\" data-id=\"7e635d62\" data-element_type=\"widget\" data-widget_type=\"ct_blog_carousel.default\">\n\t\t\t\t<div class=\"elementor-widget-container\">\n\t\t\t\r\n<div id=\"ct_blog_carousel-7e635d62\" class=\"ct-blog-carousel-layout2 ct-slick-slider\">\r\n    <div class=\"ct-carousel-inner\">\r\n        <div class=\"ct-slick-carousel\" data-arrows=\"false\" data-dots=\"true\" data-pauseonhover=\"true\" data-autoplay=\"false\" data-autoplayspeed=\"5000\" data-infinite=\"true\" data-speed=\"500\" data-dir=\"false\" data-colxs=\"1\" data-colsm=\"2\" data-colmd=\"2\" data-collg=\"3\" data-colxl=\"3\" data-slidestoscroll=\"2\">\r\n\r\n                    <div class=\"carousel-item slick-slide\">\r\n                <div class=\"grid-item-inner\">\r\n                                            <div class=\"item--featured image-effect-white\">\r\n                            <a href=\"https:\/\/service.axis-one.be\/nl\/studio-tchic-tchac\/\"><img decoding=\"async\" class=\"no-lazyload\" src=\"https:\/\/service.axis-one.be\/wp-content\/uploads\/2023\/12\/Tchic-Tchac.png\" width=\"370\" height=\"250\" alt=\"Tchic-Tchac\" title=\"Tchic-Tchac\" \/><\/a>\r\n                        <\/div>\r\n                                        <div class=\"item--body\">\r\n                        <div class=\"item--holder\">\r\n                                                            <ul class=\"item--meta\">\r\n                                                                            <li class=\"item-date\"><i class=\"fac fac-calendar-alt\"><\/i>december 26, 2023<\/li>\r\n                                                                                                                <li class=\"item-author\">\r\n                                            <a href=\"https:\/\/service.axis-one.be\/nl\/author\/admin\/\"><i class=\"fac fac-user\"><\/i>Axis-One<\/a><\/li>\r\n                                                                    <\/ul>\r\n                                                        <h3 class=\"item--title\"><a href=\"https:\/\/service.axis-one.be\/nl\/studio-tchic-tchac\/\">Studio Tchic Tchac<\/a><\/h3>\r\n                                                            <div class=\"item--readmore\">\r\n                                    <a href=\"https:\/\/service.axis-one.be\/nl\/studio-tchic-tchac\/\">\r\n                                        Read more                                        <i class=\"fac fac-angle-double-right space-left\"><\/i>\r\n                                    <\/a>\r\n                                <\/div>\r\n                                                    <\/div>\r\n                    <\/div>\r\n                <\/div>\r\n            <\/div>\r\n                    <div class=\"carousel-item slick-slide\">\r\n                <div class=\"grid-item-inner\">\r\n                                            <div class=\"item--featured image-effect-white\">\r\n                            <a href=\"https:\/\/service.axis-one.be\/nl\/projet-legrow-studio\/\"><img decoding=\"async\" class=\"no-lazyload\" src=\"https:\/\/service.axis-one.be\/wp-content\/uploads\/2023\/12\/LeGrow-Studio-Logo.png\" width=\"370\" height=\"250\" alt=\"LeGrow-Studio-Logo\" title=\"LeGrow-Studio-Logo\" \/><\/a>\r\n                        <\/div>\r\n                                        <div class=\"item--body\">\r\n                        <div class=\"item--holder\">\r\n                                                            <ul class=\"item--meta\">\r\n                                                                            <li class=\"item-date\"><i class=\"fac fac-calendar-alt\"><\/i>december 26, 2023<\/li>\r\n                                                                                                                <li class=\"item-author\">\r\n                                            <a href=\"https:\/\/service.axis-one.be\/nl\/author\/admin\/\"><i class=\"fac fac-user\"><\/i>Axis-One<\/a><\/li>\r\n                                                                    <\/ul>\r\n                                                        <h3 class=\"item--title\"><a href=\"https:\/\/service.axis-one.be\/nl\/projet-legrow-studio\/\">Projet Legrow.Studio<\/a><\/h3>\r\n                                                            <div class=\"item--readmore\">\r\n                                    <a href=\"https:\/\/service.axis-one.be\/nl\/projet-legrow-studio\/\">\r\n                                        Read more                                        <i class=\"fac fac-angle-double-right space-left\"><\/i>\r\n                                    <\/a>\r\n                                <\/div>\r\n                                                    <\/div>\r\n                    <\/div>\r\n                <\/div>\r\n            <\/div>\r\n                    <div class=\"carousel-item slick-slide\">\r\n                <div class=\"grid-item-inner\">\r\n                                            <div class=\"item--featured image-effect-white\">\r\n                            <a href=\"https:\/\/service.axis-one.be\/nl\/betv\/\"><img decoding=\"async\" class=\"no-lazyload\" src=\"https:\/\/service.axis-one.be\/wp-content\/uploads\/2023\/11\/BETV-LOGO-NOIR-370x250.png\" width=\"370\" height=\"250\" alt=\"BETV-LOGO-NOIR\" title=\"BETV-LOGO-NOIR\" \/><\/a>\r\n                        <\/div>\r\n                                        <div class=\"item--body\">\r\n                        <div class=\"item--holder\">\r\n                                                            <ul class=\"item--meta\">\r\n                                                                            <li class=\"item-date\"><i class=\"fac fac-calendar-alt\"><\/i>oktober 25, 2022<\/li>\r\n                                                                                                                <li class=\"item-author\">\r\n                                            <a href=\"https:\/\/service.axis-one.be\/nl\/author\/admin\/\"><i class=\"fac fac-user\"><\/i>Axis-One<\/a><\/li>\r\n                                                                    <\/ul>\r\n                                                        <h3 class=\"item--title\"><a href=\"https:\/\/service.axis-one.be\/nl\/betv\/\">New studio at Be tv<\/a><\/h3>\r\n                                                            <div class=\"item--readmore\">\r\n                                    <a href=\"https:\/\/service.axis-one.be\/nl\/betv\/\">\r\n                                        Read more                                        <i class=\"fac fac-angle-double-right space-left\"><\/i>\r\n                                    <\/a>\r\n                                <\/div>\r\n                                                    <\/div>\r\n                    <\/div>\r\n                <\/div>\r\n            <\/div>\r\n                <\/div>\r\n    <\/div>\r\n<\/div>\r\n\t\t<\/div>\n\t\t\t\t<\/div>\n\t\t            <\/div>\n        <\/div>\n                            <\/div>\n        <\/section>\n        \t\t\t\t<\/div>\n\t\t\t\t\t<\/div>","protected":false},"excerpt":{"rendered":"<p>D\u00e9couvrez nos derni\u00e8res r\u00e9alisations. Suivez nos derni\u00e8res r\u00e9alisations et r\u00e9flexions dans le domaine de l&#8217;int\u00e9gration. d\u00e9cembre 26, 2023 Axis-One Studio Tchic Tchac Read more d\u00e9cembre 26, 2023 Axis-One Projet Legrow.Studio Read more octobre 25, 2022 Axis-One New studio at Be tv Read more<\/p>","protected":false},"author":1,"featured_media":0,"parent":0,"menu_order":0,"comment_status":"closed","ping_status":"closed","template":"","meta":{"footnotes":""},"class_list":["post-192","page","type-page","status-publish","hentry"],"_links":{"self":[{"href":"https:\/\/service.axis-one.be\/nl\/wp-json\/wp\/v2\/pages\/192","targetHints":{"allow":["GET"]}}],"collection":[{"href":"https:\/\/service.axis-one.be\/nl\/wp-json\/wp\/v2\/pages"}],"about":[{"href":"https:\/\/service.axis-one.be\/nl\/wp-json\/wp\/v2\/types\/page"}],"author":[{"embeddable":true,"href":"https:\/\/service.axis-one.be\/nl\/wp-json\/wp\/v2\/users\/1"}],"replies":[{"embeddable":true,"href":"https:\/\/service.axis-one.be\/nl\/wp-json\/wp\/v2\/comments?post=192"}],"version-history":[{"count":16,"href":"https:\/\/service.axis-one.be\/nl\/wp-json\/wp\/v2\/pages\/192\/revisions"}],"predecessor-version":[{"id":6992,"href":"https:\/\/service.axis-one.be\/nl\/wp-json\/wp\/v2\/pages\/192\/revisions\/6992"}],"wp:attachment":[{"href":"https:\/\/service.axis-one.be\/nl\/wp-json\/wp\/v2\/media?parent=192"}],"curies":[{"name":"wp","href":"https:\/\/api.w.org\/{rel}","templated":true}]}}